{"id":487,"date":"2025-05-25T20:21:48","date_gmt":"2025-05-25T20:21:48","guid":{"rendered":"https:\/\/gtmirasierra.com\/?page_id=487"},"modified":"2025-09-17T12:09:33","modified_gmt":"2025-09-17T12:09:33","slug":"elementor-487","status":"publish","type":"page","link":"https:\/\/gtmirasierra.com\/index.php\/elementor-487\/","title":{"rendered":"Landing Reto"},"content":{"rendered":"\t\t<div data-elementor-type=\"wp-page\" data-elementor-id=\"487\" class=\"elementor elementor-487\" data-elementor-post-type=\"page\">\n\t\t\t\t\t\t<section class=\"elementor-section elementor-top-section elementor-element elementor-element-698aae81 elementor-section-boxed elementor-section-height-default elementor-section-height-default\" data-id=\"698aae81\" data-element_type=\"section\" data-settings=\"{&quot;background_background&quot;:&quot;classic&quot;}\">\n\t\t\t\t\t\t<div class=\"elementor-container elementor-column-gap-default\">\n\t\t\t\t\t<div class=\"elementor-column elementor-col-100 elementor-top-column elementor-element elementor-element-6a24e592\" data-id=\"6a24e592\" data-element_type=\"column\">\n\t\t\t<div class=\"elementor-widget-wrap elementor-element-populated\">\n\t\t\t\t\t\t<div class=\"elementor-element elementor-element-414a3eb3 elementor-widget elementor-widget-heading\" data-id=\"414a3eb3\" data-element_type=\"widget\" data-widget_type=\"heading.default\">\n\t\t\t\t<div class=\"elementor-widget-container\">\n\t\t\t\t\t<h2 class=\"elementor-heading-title elementor-size-default\">RETO ONLINE GRATUITO<br>PARA PERROS REACTIVOS<\/h2>\t\t\t\t<\/div>\n\t\t\t\t<\/div>\n\t\t\t\t<div class=\"elementor-element elementor-element-ef93d54 elementor-widget elementor-widget-heading\" data-id=\"ef93d54\" data-element_type=\"widget\" data-widget_type=\"heading.default\">\n\t\t\t\t<div class=\"elementor-widget-container\">\n\t\t\t\t\t<h2 class=\"elementor-heading-title elementor-size-default\">D\u00cdAS 26, 27, 28 Y 29 DE OCTUBRE <\/h2>\t\t\t\t<\/div>\n\t\t\t\t<\/div>\n\t\t\t\t<div class=\"elementor-element elementor-element-4eaf79e0 elementor-widget elementor-widget-text-editor\" data-id=\"4eaf79e0\" data-element_type=\"widget\" data-widget_type=\"text-editor.default\">\n\t\t\t\t<div class=\"elementor-widget-container\">\n\t\t\t\t\t\t\t\t\t<p><b>Accede a nuestro <span style=\"color: #ff6600;\">RETO GRATUITO<\/span> de cuatro d\u00edas para <span style=\"color: #ff6600;\">PERROS REACTIVOS<\/span>\u00a0<\/b><span style=\"font-size: 16.8px;\"><b><img decoding=\"async\" class=\"emoji\" role=\"img\" draggable=\"false\" src=\"https:\/\/s.w.org\/images\/core\/emoji\/15.1.0\/svg\/1f436.svg\" alt=\"\ud83d\udc36\" \/><\/b><\/span><\/p><p><span style=\"font-style: inherit; font-weight: inherit;\">Este reto es<\/span><span style=\"font-style: inherit;\"><b><span style=\"color: #ff6600;\"> 100% online<\/span> y <span style=\"color: #ff6600;\">100% gratis<\/span><\/b><\/span><\/p><p><span style=\"font-style: inherit; font-weight: inherit;\">Inscr\u00edbete aqu\u00ed y recibe por correo el reto completo y gratuito <\/span><span style=\"font-size: 16.8px;\"><img decoding=\"async\" class=\"emoji\" role=\"img\" draggable=\"false\" src=\"https:\/\/s.w.org\/images\/core\/emoji\/15.1.0\/svg\/2b07.svg\" alt=\"\u2b07\ufe0f\" \/><\/span><\/p>\t\t\t\t\t\t\t\t<\/div>\n\t\t\t\t<\/div>\n\t\t\t\t<div class=\"elementor-element elementor-element-333f0805 elementor-button-align-stretch elementor-invisible elementor-widget elementor-widget-form\" data-id=\"333f0805\" data-element_type=\"widget\" data-settings=\"{&quot;step_next_label&quot;:&quot;QUIERO SABER M\\u00c1S &quot;,&quot;step_previous_label&quot;:&quot;Previous&quot;,&quot;_animation&quot;:&quot;fadeInDown&quot;,&quot;_animation_delay&quot;:0,&quot;button_width&quot;:&quot;100&quot;,&quot;step_type&quot;:&quot;number_text&quot;,&quot;step_icon_shape&quot;:&quot;circle&quot;}\" data-widget_type=\"form.default\">\n\t\t\t\t<div class=\"elementor-widget-container\">\n\t\t\t\t\t\t\t<form class=\"elementor-form\" method=\"post\" name=\"Nuevo Formulario\">\n\t\t\t<input type=\"hidden\" name=\"post_id\" value=\"487\"\/>\n\t\t\t<input type=\"hidden\" name=\"form_id\" value=\"333f0805\"\/>\n\t\t\t<input type=\"hidden\" name=\"referer_title\" value=\"Landing Reto\" \/>\n\n\t\t\t\t\t\t\t<input type=\"hidden\" name=\"queried_id\" value=\"487\"\/>\n\t\t\t\n\t\t\t<div class=\"elementor-form-fields-wrapper elementor-labels-\">\n\t\t\t\t\t\t\t\t<div class=\"elementor-field-type-text elementor-field-group elementor-column elementor-field-group-name elementor-col-100\">\n\t\t\t\t\t\t\t\t\t\t\t\t<label for=\"form-field-name\" class=\"elementor-field-label elementor-screen-only\">\n\t\t\t\t\t\t\t\tNombre\t\t\t\t\t\t\t<\/label>\n\t\t\t\t\t\t\t\t\t\t\t\t\t\t<input size=\"1\" type=\"text\" name=\"form_fields[name]\" id=\"form-field-name\" class=\"elementor-field elementor-size-sm  elementor-field-textual\" placeholder=\"Escribe tu nombre\">\n\t\t\t\t\t\t\t\t\t\t\t<\/div>\n\t\t\t\t\t\t\t\t<div class=\"elementor-field-type-email elementor-field-group elementor-column elementor-field-group-email elementor-col-100 elementor-field-required\">\n\t\t\t\t\t\t\t\t\t\t\t\t<label for=\"form-field-email\" class=\"elementor-field-label elementor-screen-only\">\n\t\t\t\t\t\t\t\tEmail\t\t\t\t\t\t\t<\/label>\n\t\t\t\t\t\t\t\t\t\t\t\t\t\t<input size=\"1\" type=\"email\" name=\"form_fields[email]\" id=\"form-field-email\" class=\"elementor-field elementor-size-sm  elementor-field-textual\" placeholder=\"Escribe tu email (Si es Gmail, mejor)\" required=\"required\">\n\t\t\t\t\t\t\t\t\t\t\t<\/div>\n\t\t\t\t\t\t\t\t<div class=\"elementor-field-group elementor-column elementor-field-type-submit elementor-col-100 e-form__buttons\">\n\t\t\t\t\t<button class=\"elementor-button elementor-size-sm elementor-animation-pop\" type=\"submit\">\n\t\t\t\t\t\t<span class=\"elementor-button-content-wrapper\">\n\t\t\t\t\t\t\t\t\t\t\t\t\t\t\t\t\t\t\t\t\t\t<span class=\"elementor-button-text\">QUIERO SABER M\u00c1S <\/span>\n\t\t\t\t\t\t\t\t\t\t\t\t\t<\/span>\n\t\t\t\t\t<\/button>\n\t\t\t\t<\/div>\n\t\t\t<\/div>\n\t\t<\/form>\n\t\t\t\t\t\t<\/div>\n\t\t\t\t<\/div>\n\t\t\t\t<div class=\"elementor-element elementor-element-6dae9b27 elementor-widget-divider--view-line elementor-widget elementor-widget-divider\" data-id=\"6dae9b27\" data-element_type=\"widget\" data-widget_type=\"divider.default\">\n\t\t\t\t<div class=\"elementor-widget-container\">\n\t\t\t\t\t\t\t<div class=\"elementor-divider\">\n\t\t\t<span class=\"elementor-divider-separator\">\n\t\t\t\t\t\t<\/span>\n\t\t<\/div>\n\t\t\t\t\t\t<\/div>\n\t\t\t\t<\/div>\n\t\t\t\t\t<\/div>\n\t\t<\/div>\n\t\t\t\t\t<\/div>\n\t\t<\/section>\n\t\t\t\t<section class=\"elementor-section elementor-top-section elementor-element elementor-element-4e6ea7b6 elementor-section-boxed elementor-section-height-default elementor-section-height-default\" data-id=\"4e6ea7b6\" data-element_type=\"section\" data-settings=\"{&quot;background_background&quot;:&quot;classic&quot;}\">\n\t\t\t\t\t\t<div class=\"elementor-container elementor-column-gap-default\">\n\t\t\t\t\t<div class=\"elementor-column elementor-col-100 elementor-top-column elementor-element elementor-element-32de52c8\" data-id=\"32de52c8\" data-element_type=\"column\">\n\t\t\t<div class=\"elementor-widget-wrap elementor-element-populated\">\n\t\t\t\t\t\t<div class=\"elementor-element elementor-element-3f5a1d08 elementor-widget elementor-widget-heading\" data-id=\"3f5a1d08\" data-element_type=\"widget\" data-widget_type=\"heading.default\">\n\t\t\t\t<div class=\"elementor-widget-container\">\n\t\t\t\t\t<h2 class=\"elementor-heading-title elementor-size-default\">\u00bfQu\u00e9 aprender\u00e1s en este reto gratuito?<\/h2>\t\t\t\t<\/div>\n\t\t\t\t<\/div>\n\t\t\t\t<div class=\"elementor-element elementor-element-e010998 elementor-widget elementor-widget-text-editor\" data-id=\"e010998\" data-element_type=\"widget\" data-widget_type=\"text-editor.default\">\n\t\t\t\t<div class=\"elementor-widget-container\">\n\t\t\t\t\t\t\t\t\t<p>1# &#8211; C\u00f3mo <span style=\"color: #ff6600;\"><b>disfrutar de los paseos sin tirones, ladridos y sin estr\u00e9s.<\/b><\/span><\/p><p>2# &#8211; C\u00f3mo usar la obediencia para recuperar a tu perro reactivo y<b> <span style=\"color: #ff6600;\">disfrutar de un perro equilibrado, feliz y obediente.\u00a0<\/span><\/b><\/p><p>3# &#8211; Entender\u00e1s los <span style=\"color: #ff6600;\"><b>motivos por los que tu perro es reactivo<\/b><\/span>\u00a0y c\u00f3mo solucionarlo.<\/p><p>4# &#8211; <strong><span style=\"color: #ff6600;\">C\u00f3mo socializar a tu perro<\/span><\/strong><span style=\"color: #ff6600;\"><span style=\"color: #ffffff;\"> de forma adecuada.<\/span><\/span><\/p><p>5# &#8211; <strong><span style=\"color: #ff6600;\">Analizaremos vuestros propios v\u00eddeos<\/span><\/strong> con situaciones reales.\u00a0<\/p><p>\u00a0<\/p>\t\t\t\t\t\t\t\t<\/div>\n\t\t\t\t<\/div>\n\t\t\t\t\t<\/div>\n\t\t<\/div>\n\t\t\t\t\t<\/div>\n\t\t<\/section>\n\t\t\t\t<section class=\"elementor-section elementor-top-section elementor-element elementor-element-66d69cea elementor-section-boxed elementor-section-height-default elementor-section-height-default\" data-id=\"66d69cea\" data-element_type=\"section\" data-settings=\"{&quot;background_background&quot;:&quot;classic&quot;,&quot;shape_divider_top&quot;:&quot;arrow&quot;}\">\n\t\t\t\t\t<div class=\"elementor-shape elementor-shape-top\" aria-hidden=\"true\" data-negative=\"false\">\n\t\t\t<svg xmlns=\"http:\/\/www.w3.org\/2000\/svg\" viewBox=\"0 0 700 10\" preserveAspectRatio=\"none\">\n\t<path class=\"elementor-shape-fill\" d=\"M350,10L340,0h20L350,10z\"\/>\n<\/svg>\t\t<\/div>\n\t\t\t\t\t<div class=\"elementor-container elementor-column-gap-default\">\n\t\t\t\t\t<div class=\"elementor-column elementor-col-100 elementor-top-column elementor-element elementor-element-6ec83d48\" data-id=\"6ec83d48\" data-element_type=\"column\">\n\t\t\t<div class=\"elementor-widget-wrap elementor-element-populated\">\n\t\t\t\t\t\t<div class=\"elementor-element elementor-element-475c8d44 elementor-widget elementor-widget-heading\" data-id=\"475c8d44\" data-element_type=\"widget\" data-widget_type=\"heading.default\">\n\t\t\t\t<div class=\"elementor-widget-container\">\n\t\t\t\t\t<h2 class=\"elementor-heading-title elementor-size-default\">Esto es lo que conseguir\u00e1s si te registras gratis ahora:<\/h2>\t\t\t\t<\/div>\n\t\t\t\t<\/div>\n\t\t\t\t<section class=\"elementor-section elementor-inner-section elementor-element elementor-element-487d6ae elementor-section-boxed elementor-section-height-default elementor-section-height-default\" data-id=\"487d6ae\" data-element_type=\"section\">\n\t\t\t\t\t\t<div class=\"elementor-container elementor-column-gap-default\">\n\t\t\t\t\t<div class=\"elementor-column elementor-col-50 elementor-inner-column elementor-element elementor-element-85a54ce\" data-id=\"85a54ce\" data-element_type=\"column\">\n\t\t\t<div class=\"elementor-widget-wrap elementor-element-populated\">\n\t\t\t\t\t\t<div class=\"elementor-element elementor-element-28f9bc61 elementor-widget elementor-widget-image\" data-id=\"28f9bc61\" data-element_type=\"widget\" data-widget_type=\"image.default\">\n\t\t\t\t<div class=\"elementor-widget-container\">\n\t\t\t\t\t\t\t\t\t\t\t\t\t\t\t<img decoding=\"async\" width=\"150\" height=\"150\" src=\"https:\/\/gtmirasierra.com\/wp-content\/uploads\/2024\/05\/whatsapp-3-150x150.png\" class=\"attachment-thumbnail size-thumbnail wp-image-13\" alt=\"\" srcset=\"https:\/\/gtmirasierra.com\/wp-content\/uploads\/2024\/05\/whatsapp-3-150x150.png 150w, https:\/\/gtmirasierra.com\/wp-content\/uploads\/2024\/05\/whatsapp-3-300x300.png 300w, https:\/\/gtmirasierra.com\/wp-content\/uploads\/2024\/05\/whatsapp-3.png 512w\" sizes=\"(max-width: 150px) 100vw, 150px\" \/>\t\t\t\t\t\t\t\t\t\t\t\t\t\t\t<\/div>\n\t\t\t\t<\/div>\n\t\t\t\t<div class=\"elementor-element elementor-element-652f9179 elementor-widget elementor-widget-text-editor\" data-id=\"652f9179\" data-element_type=\"widget\" data-widget_type=\"text-editor.default\">\n\t\t\t\t<div class=\"elementor-widget-container\">\n\t\t\t\t\t\t\t\t\t<p><span style=\"font-weight: 400;\">Tendr\u00e1s acceso a un grupo exclusivo de WhatsApp.\u00a0<\/span><\/p>\t\t\t\t\t\t\t\t<\/div>\n\t\t\t\t<\/div>\n\t\t\t\t\t<\/div>\n\t\t<\/div>\n\t\t\t\t<div class=\"elementor-column elementor-col-50 elementor-inner-column elementor-element elementor-element-291ea7d\" data-id=\"291ea7d\" data-element_type=\"column\">\n\t\t\t<div class=\"elementor-widget-wrap elementor-element-populated\">\n\t\t\t\t\t\t<div class=\"elementor-element elementor-element-6b7f6d91 elementor-widget elementor-widget-image\" data-id=\"6b7f6d91\" data-element_type=\"widget\" data-widget_type=\"image.default\">\n\t\t\t\t<div class=\"elementor-widget-container\">\n\t\t\t\t\t\t\t\t\t\t\t\t\t\t\t<img decoding=\"async\" width=\"150\" height=\"150\" src=\"https:\/\/gtmirasierra.com\/wp-content\/uploads\/2024\/05\/juicio-150x150.png\" class=\"attachment-thumbnail size-thumbnail wp-image-14\" alt=\"\" srcset=\"https:\/\/gtmirasierra.com\/wp-content\/uploads\/2024\/05\/juicio-150x150.png 150w, https:\/\/gtmirasierra.com\/wp-content\/uploads\/2024\/05\/juicio-300x300.png 300w, https:\/\/gtmirasierra.com\/wp-content\/uploads\/2024\/05\/juicio.png 512w\" sizes=\"(max-width: 150px) 100vw, 150px\" \/>\t\t\t\t\t\t\t\t\t\t\t\t\t\t\t<\/div>\n\t\t\t\t<\/div>\n\t\t\t\t<div class=\"elementor-element elementor-element-54a1a28e elementor-widget elementor-widget-text-editor\" data-id=\"54a1a28e\" data-element_type=\"widget\" data-widget_type=\"text-editor.default\">\n\t\t\t\t<div class=\"elementor-widget-container\">\n\t\t\t\t\t\t\t\t\t<p><span style=\"font-weight: 400;\">Acceso al reto <strong><span style=\"color: #ff6600;\">100% online<\/span><\/strong> y <strong><span style=\"color: #ff6600;\">100% gratis<\/span><\/strong> donde aprender\u00e1s los primeros pasos para <span style=\"color: #ff6600;\"><strong>disfrutar de los paseos<\/strong><\/span> y <\/span>\u00a0tener un <span style=\"color: #ff6600;\"><b>perro equilibrado, feliz y obediente.\u00a0<\/b><\/span><\/p>\t\t\t\t\t\t\t\t<\/div>\n\t\t\t\t<\/div>\n\t\t\t\t\t<\/div>\n\t\t<\/div>\n\t\t\t\t\t<\/div>\n\t\t<\/section>\n\t\t\t\t\t<\/div>\n\t\t<\/div>\n\t\t\t\t\t<\/div>\n\t\t<\/section>\n\t\t\t\t<section class=\"elementor-section elementor-top-section elementor-element elementor-element-ebd5aa8 elementor-section-boxed elementor-section-height-default elementor-section-height-default\" data-id=\"ebd5aa8\" data-element_type=\"section\" data-settings=\"{&quot;background_background&quot;:&quot;classic&quot;,&quot;shape_divider_top&quot;:&quot;opacity-tilt&quot;,&quot;shape_divider_bottom&quot;:&quot;opacity-tilt&quot;}\">\n\t\t\t\t\t\t\t<div class=\"elementor-background-overlay\"><\/div>\n\t\t\t\t\t\t<div class=\"elementor-shape elementor-shape-top\" aria-hidden=\"true\" data-negative=\"false\">\n\t\t\t<svg xmlns=\"http:\/\/www.w3.org\/2000\/svg\" viewBox=\"0 0 2600 131.1\" preserveAspectRatio=\"none\">\n\t<path class=\"elementor-shape-fill\" d=\"M0 0L2600 0 2600 69.1 0 0z\"\/>\n\t<path class=\"elementor-shape-fill\" style=\"opacity:0.5\" d=\"M0 0L2600 0 2600 69.1 0 69.1z\"\/>\n\t<path class=\"elementor-shape-fill\" style=\"opacity:0.25\" d=\"M2600 0L0 0 0 130.1 2600 69.1z\"\/>\n<\/svg>\t\t<\/div>\n\t\t\t\t<div class=\"elementor-shape elementor-shape-bottom\" aria-hidden=\"true\" data-negative=\"false\">\n\t\t\t<svg xmlns=\"http:\/\/www.w3.org\/2000\/svg\" viewBox=\"0 0 2600 131.1\" preserveAspectRatio=\"none\">\n\t<path class=\"elementor-shape-fill\" d=\"M0 0L2600 0 2600 69.1 0 0z\"\/>\n\t<path class=\"elementor-shape-fill\" style=\"opacity:0.5\" d=\"M0 0L2600 0 2600 69.1 0 69.1z\"\/>\n\t<path class=\"elementor-shape-fill\" style=\"opacity:0.25\" d=\"M2600 0L0 0 0 130.1 2600 69.1z\"\/>\n<\/svg>\t\t<\/div>\n\t\t\t\t\t<div class=\"elementor-container elementor-column-gap-default\">\n\t\t\t\t\t<div class=\"elementor-column elementor-col-100 elementor-top-column elementor-element elementor-element-b4bfdee\" data-id=\"b4bfdee\" data-element_type=\"column\">\n\t\t\t<div class=\"elementor-widget-wrap elementor-element-populated\">\n\t\t\t\t\t\t<div class=\"elementor-element elementor-element-693405f6 elementor-widget elementor-widget-heading\" data-id=\"693405f6\" data-element_type=\"widget\" data-widget_type=\"heading.default\">\n\t\t\t\t<div class=\"elementor-widget-container\">\n\t\t\t\t\t<h2 class=\"elementor-heading-title elementor-size-default\">\u00bfQui\u00e9nes son Sergio Teig y David Calvo?<\/h2>\t\t\t\t<\/div>\n\t\t\t\t<\/div>\n\t\t\t\t<section class=\"elementor-section elementor-inner-section elementor-element elementor-element-5cc43d93 elementor-section-boxed elementor-section-height-default elementor-section-height-default\" data-id=\"5cc43d93\" data-element_type=\"section\">\n\t\t\t\t\t\t<div class=\"elementor-container elementor-column-gap-default\">\n\t\t\t\t\t<div class=\"elementor-column elementor-col-50 elementor-inner-column elementor-element elementor-element-21bfd0c6\" data-id=\"21bfd0c6\" data-element_type=\"column\">\n\t\t\t<div class=\"elementor-widget-wrap elementor-element-populated\">\n\t\t\t\t\t\t<div class=\"elementor-element elementor-element-2bb37c8 elementor-widget elementor-widget-image\" data-id=\"2bb37c8\" data-element_type=\"widget\" data-widget_type=\"image.default\">\n\t\t\t\t<div class=\"elementor-widget-container\">\n\t\t\t\t\t\t\t\t\t\t\t\t\t\t\t<img decoding=\"async\" src=\"https:\/\/gtmirasierra.com\/wp-content\/uploads\/elementor\/thumbs\/WhatsApp-Image-2024-05-13-at-20.08.30-r07aapeaxvafbz91ronvrfmfxx53d494rff2hf0pz8.jpeg\" title=\"WhatsApp Image 2024-05-13 at 20.08.30\" alt=\"WhatsApp Image 2024-05-13 at 20.08.30\" loading=\"lazy\" \/>\t\t\t\t\t\t\t\t\t\t\t\t\t\t\t<\/div>\n\t\t\t\t<\/div>\n\t\t\t\t\t<\/div>\n\t\t<\/div>\n\t\t\t\t<div class=\"elementor-column elementor-col-50 elementor-inner-column elementor-element elementor-element-141a6364\" data-id=\"141a6364\" data-element_type=\"column\">\n\t\t\t<div class=\"elementor-widget-wrap elementor-element-populated\">\n\t\t\t\t\t\t<div class=\"elementor-element elementor-element-157b58e2 elementor-widget elementor-widget-text-editor\" data-id=\"157b58e2\" data-element_type=\"widget\" data-widget_type=\"text-editor.default\">\n\t\t\t\t<div class=\"elementor-widget-container\">\n\t\t\t\t\t\t\t\t\t<p>Sergio y David somos dos monitores\u00a0<strong>apasionados<\/strong>\u00a0por la educaci\u00f3n y el adiestramiento canino con m\u00e1s de una d\u00e9cada de experiencia desde que comenzamos en 2010. A lo largo de este tiempo, hemos tenido el privilegio de\u00a0<strong>ayudar a m\u00e1s de 2.000 perros<\/strong>\u00a0en nuestras sedes ubicadas en Granada y M\u00e1laga, as\u00ed como a trav\u00e9s de nuestros servicios online.\u00a0<\/p><p>Estamos especializados en\u00a0<strong>modificaci\u00f3n de conducta<\/strong>\u00a0y\u00a0<strong>adiestramiento deportivo<\/strong>\u00a0(I.G.P.), siendo un grupo oficial del Real Ceppa, lo que respalda nuestro compromiso y profesionalismo en el \u00e1mbito del adiestramiento canino.\u00a0<\/p><p>Nuestra vasta experiencia en la educaci\u00f3n de<strong>\u00a0perros reactivos<\/strong>\u00a0nos permite ofrecer soluciones efectivas y personalizadas para que puedas disfrutar de un\u00a0<strong>perro equilibrado, feliz y obediente<\/strong>. Estamos aqu\u00ed para ayudarte a alcanzar una relaci\u00f3n armoniosa con tu compa\u00f1ero canino.\u00a0<\/p>\t\t\t\t\t\t\t\t<\/div>\n\t\t\t\t<\/div>\n\t\t\t\t\t<\/div>\n\t\t<\/div>\n\t\t\t\t\t<\/div>\n\t\t<\/section>\n\t\t\t\t\t<\/div>\n\t\t<\/div>\n\t\t\t\t\t<\/div>\n\t\t<\/section>\n\t\t\t\t<section class=\"elementor-section elementor-top-section elementor-element elementor-element-20f3d3fc elementor-section-boxed elementor-section-height-default elementor-section-height-default\" data-id=\"20f3d3fc\" data-element_type=\"section\" data-settings=\"{&quot;background_background&quot;:&quot;classic&quot;}\">\n\t\t\t\t\t\t<div class=\"elementor-container elementor-column-gap-default\">\n\t\t\t\t\t<div class=\"elementor-column elementor-col-100 elementor-top-column elementor-element elementor-element-7e0b78e2\" data-id=\"7e0b78e2\" data-element_type=\"column\">\n\t\t\t<div class=\"elementor-widget-wrap elementor-element-populated\">\n\t\t\t\t\t\t<div class=\"elementor-element elementor-element-10754473 elementor-widget elementor-widget-heading\" data-id=\"10754473\" data-element_type=\"widget\" data-widget_type=\"heading.default\">\n\t\t\t\t<div class=\"elementor-widget-container\">\n\t\t\t\t\t<h2 class=\"elementor-heading-title elementor-size-default\">Quiero registrarme gratis en el reto online<\/h2>\t\t\t\t<\/div>\n\t\t\t\t<\/div>\n\t\t\t\t<div class=\"elementor-element elementor-element-168ba7fd elementor-button-align-stretch elementor-invisible elementor-widget elementor-widget-form\" data-id=\"168ba7fd\" data-element_type=\"widget\" data-settings=\"{&quot;step_next_label&quot;:&quot;ASEGURAR MI PLAZA GRATIS &gt;&quot;,&quot;step_previous_label&quot;:&quot;Previous&quot;,&quot;_animation&quot;:&quot;fadeInDown&quot;,&quot;_animation_delay&quot;:0,&quot;button_width&quot;:&quot;100&quot;,&quot;step_type&quot;:&quot;number_text&quot;,&quot;step_icon_shape&quot;:&quot;circle&quot;}\" data-widget_type=\"form.default\">\n\t\t\t\t<div class=\"elementor-widget-container\">\n\t\t\t\t\t\t\t<form class=\"elementor-form\" method=\"post\" name=\"Nuevo Formulario\">\n\t\t\t<input type=\"hidden\" name=\"post_id\" value=\"487\"\/>\n\t\t\t<input type=\"hidden\" name=\"form_id\" value=\"168ba7fd\"\/>\n\t\t\t<input type=\"hidden\" name=\"referer_title\" value=\"Landing Reto\" \/>\n\n\t\t\t\t\t\t\t<input type=\"hidden\" name=\"queried_id\" value=\"487\"\/>\n\t\t\t\n\t\t\t<div class=\"elementor-form-fields-wrapper elementor-labels-\">\n\t\t\t\t\t\t\t\t<div class=\"elementor-field-type-text elementor-field-group elementor-column elementor-field-group-name elementor-col-100\">\n\t\t\t\t\t\t\t\t\t\t\t\t<label for=\"form-field-name\" class=\"elementor-field-label elementor-screen-only\">\n\t\t\t\t\t\t\t\tNombre\t\t\t\t\t\t\t<\/label>\n\t\t\t\t\t\t\t\t\t\t\t\t\t\t<input size=\"1\" type=\"text\" name=\"form_fields[name]\" id=\"form-field-name\" class=\"elementor-field elementor-size-sm  elementor-field-textual\" placeholder=\"Escribe tu nombre\">\n\t\t\t\t\t\t\t\t\t\t\t<\/div>\n\t\t\t\t\t\t\t\t<div class=\"elementor-field-type-email elementor-field-group elementor-column elementor-field-group-email elementor-col-100 elementor-field-required\">\n\t\t\t\t\t\t\t\t\t\t\t\t<label for=\"form-field-email\" class=\"elementor-field-label elementor-screen-only\">\n\t\t\t\t\t\t\t\tEmail\t\t\t\t\t\t\t<\/label>\n\t\t\t\t\t\t\t\t\t\t\t\t\t\t<input size=\"1\" type=\"email\" name=\"form_fields[email]\" id=\"form-field-email\" class=\"elementor-field elementor-size-sm  elementor-field-textual\" placeholder=\"Escribe tu email (Si es Gmail, mejor)\" required=\"required\">\n\t\t\t\t\t\t\t\t\t\t\t<\/div>\n\t\t\t\t\t\t\t\t<div class=\"elementor-field-group elementor-column elementor-field-type-submit elementor-col-100 e-form__buttons\">\n\t\t\t\t\t<button class=\"elementor-button elementor-size-sm elementor-animation-pop\" type=\"submit\">\n\t\t\t\t\t\t<span class=\"elementor-button-content-wrapper\">\n\t\t\t\t\t\t\t\t\t\t\t\t\t\t\t\t\t\t\t\t\t\t<span class=\"elementor-button-text\">ASEGURAR MI PLAZA GRATIS <\/span>\n\t\t\t\t\t\t\t\t\t\t\t\t\t<\/span>\n\t\t\t\t\t<\/button>\n\t\t\t\t<\/div>\n\t\t\t<\/div>\n\t\t<\/form>\n\t\t\t\t\t\t<\/div>\n\t\t\t\t<\/div>\n\t\t\t\t\t<\/div>\n\t\t<\/div>\n\t\t\t\t\t<\/div>\n\t\t<\/section>\n\t\t<div class=\"elementor-element elementor-element-83df506 e-grid e-con-boxed e-con e-parent\" data-id=\"83df506\" data-element_type=\"container\">\n\t\t\t\t\t<div class=\"e-con-inner\">\n\t\t\t\t<div class=\"elementor-element elementor-element-16b805d elementor-widget elementor-widget-text-editor\" data-id=\"16b805d\" data-element_type=\"widget\" data-widget_type=\"text-editor.default\">\n\t\t\t\t<div class=\"elementor-widget-container\">\n\t\t\t\t\t\t\t\t\t<p><span style=\"color: #ffffff;\">Sergio Teig Copyright \u00a9 2023 Incubadora de Lanzamientos l <a style=\"color: #ffffff;\" href=\"https:\/\/gtmirasierra.com\/index.php\/aviso-legal\/\">Aviso Legal<\/a> l <a style=\"color: #ffffff;\" href=\"https:\/\/gtmirasierra.com\/index.php\/politica-de-privacidad\/\">Pol\u00edticas de Privacidad<\/a> l Pol\u00edtica de Cookies l T\u00e9rminos y condiciones<\/span><\/p>\t\t\t\t\t\t\t\t<\/div>\n\t\t\t\t<\/div>\n\t\t\t\t\t<\/div>\n\t\t\t\t<\/div>\n\t\t\t\t<\/div>\n\t\t","protected":false},"excerpt":{"rendered":"<p>RETO ONLINE GRATUITOPARA PERROS REACTIVOS D\u00cdAS 26, 27, 28 Y 29 DE OCTUBRE Accede a nuestro RETO GRATUITO de cuatro d\u00edas para PERROS REACTIVOS\u00a0 Este reto es 100% online y 100% gratis Inscr\u00edbete aqu\u00ed y recibe por correo el reto completo y gratuito \u00bfQu\u00e9 aprender\u00e1s en este reto gratuito? 1# &#8211; C\u00f3mo disfrutar de los [&hellip;]<\/p>\n","protected":false},"author":1,"featured_media":0,"parent":0,"menu_order":0,"comment_status":"closed","ping_status":"closed","template":"elementor_canvas","meta":{"footnotes":""},"class_list":["post-487","page","type-page","status-publish","hentry"],"_links":{"self":[{"href":"https:\/\/gtmirasierra.com\/index.php\/wp-json\/wp\/v2\/pages\/487","targetHints":{"allow":["GET"]}}],"collection":[{"href":"https:\/\/gtmirasierra.com\/index.php\/wp-json\/wp\/v2\/pages"}],"about":[{"href":"https:\/\/gtmirasierra.com\/index.php\/wp-json\/wp\/v2\/types\/page"}],"author":[{"embeddable":true,"href":"https:\/\/gtmirasierra.com\/index.php\/wp-json\/wp\/v2\/users\/1"}],"replies":[{"embeddable":true,"href":"https:\/\/gtmirasierra.com\/index.php\/wp-json\/wp\/v2\/comments?post=487"}],"version-history":[{"count":30,"href":"https:\/\/gtmirasierra.com\/index.php\/wp-json\/wp\/v2\/pages\/487\/revisions"}],"predecessor-version":[{"id":541,"href":"https:\/\/gtmirasierra.com\/index.php\/wp-json\/wp\/v2\/pages\/487\/revisions\/541"}],"wp:attachment":[{"href":"https:\/\/gtmirasierra.com\/index.php\/wp-json\/wp\/v2\/media?parent=487"}],"curies":[{"name":"wp","href":"https:\/\/api.w.org\/{rel}","templated":true}]}}