{"id":31,"date":"2024-05-22T21:20:29","date_gmt":"2024-05-22T21:20:29","guid":{"rendered":"https:\/\/gtmirasierra.com\/?page_id=31"},"modified":"2025-06-03T19:00:22","modified_gmt":"2025-06-03T19:00:22","slug":"thanks-page","status":"publish","type":"page","link":"https:\/\/gtmirasierra.com\/index.php\/thanks-page\/","title":{"rendered":"[Thanks page]"},"content":{"rendered":"\t\t<div data-elementor-type=\"wp-page\" data-elementor-id=\"31\" class=\"elementor elementor-31\" data-elementor-post-type=\"page\">\n\t\t\t\t\t\t<section class=\"elementor-section elementor-top-section elementor-element elementor-element-1b2177b4 elementor-section-boxed elementor-section-height-default elementor-section-height-default\" data-id=\"1b2177b4\" data-element_type=\"section\" data-settings=\"{&quot;background_background&quot;:&quot;classic&quot;}\">\n\t\t\t\t\t\t<div class=\"elementor-container elementor-column-gap-default\">\n\t\t\t\t\t<div class=\"elementor-column elementor-col-100 elementor-top-column elementor-element elementor-element-603bd472\" data-id=\"603bd472\" data-element_type=\"column\">\n\t\t\t<div class=\"elementor-widget-wrap elementor-element-populated\">\n\t\t\t\t\t\t<div class=\"elementor-element elementor-element-62e9f31d elementor-widget elementor-widget-heading\" data-id=\"62e9f31d\" data-element_type=\"widget\" data-widget_type=\"heading.default\">\n\t\t\t\t<div class=\"elementor-widget-container\">\n\t\t\t\t\t<h2 class=\"elementor-heading-title elementor-size-default\">\u00a1Enhorabuena por trabajar en una vida mejor para ti y tu perrito!<\/h2>\t\t\t\t<\/div>\n\t\t\t\t<\/div>\n\t\t\t\t<div class=\"elementor-element elementor-element-775edab elementor-widget elementor-widget-heading\" data-id=\"775edab\" data-element_type=\"widget\" data-widget_type=\"heading.default\">\n\t\t\t\t<div class=\"elementor-widget-container\">\n\t\t\t\t\t<h2 class=\"elementor-heading-title elementor-size-default\">\u00danete al grupo de WhatsApp para que puedas recibir toda la informaci\u00f3n importante.<\/h2>\t\t\t\t<\/div>\n\t\t\t\t<\/div>\n\t\t\t\t<div class=\"elementor-element elementor-element-0dd13d7 elementor-align-center elementor-widget elementor-widget-button\" data-id=\"0dd13d7\" data-element_type=\"widget\" data-widget_type=\"button.default\">\n\t\t\t\t<div class=\"elementor-widget-container\">\n\t\t\t\t\t\t\t\t\t<div class=\"elementor-button-wrapper\">\n\t\t\t\t\t<a class=\"elementor-button elementor-button-link elementor-size-sm elementor-animation-pop\" href=\"https:\/\/chat.whatsapp.com\/CrPc85yVREf6CkM1eFPqiP\" target=\"_blank\">\n\t\t\t\t\t\t<span class=\"elementor-button-content-wrapper\">\n\t\t\t\t\t\t<span class=\"elementor-button-icon\">\n\t\t\t\t<svg xmlns=\"http:\/\/www.w3.org\/2000\/svg\" id=\"b385ca18-4b85-46d4-bb4b-571c73a19812\" data-name=\"b922a425-e5e0-4ef1-881c-5748460fd139\" viewBox=\"0 0 30.125 18.1738\"><title>arrow-icon-size3<\/title><path d=\"M29.75,9.3948,21.5281,1.1735a.8479.8479,0,0,0-.601-.261L20.9124.9119a.8526.8526,0,0,0-.5956.2409.8642.8642,0,0,0-.0027,1.23l6.7618,6.7611H.7316a.8566.8566,0,1,0,0,1.7131H27.0759l-6.7591,6.7591a.8576.8576,0,0,0-.0214,1.2113.8462.8462,0,0,0,.61.2583.8949.8949,0,0,0,.621-.2556l8.2233-8.224A.8587.8587,0,0,0,29.75,9.3948Z\" transform=\"translate(0.125 -0.9119)\"><\/path><\/svg>\t\t\t<\/span>\n\t\t\t\t\t\t\t\t\t<span class=\"elementor-button-text\">Unirme al grupo de whatsapp <\/span>\n\t\t\t\t\t<\/span>\n\t\t\t\t\t<\/a>\n\t\t\t\t<\/div>\n\t\t\t\t\t\t\t\t<\/div>\n\t\t\t\t<\/div>\n\t\t\t\t<div class=\"elementor-element elementor-element-62d2acd8 elementor-widget elementor-widget-text-editor\" data-id=\"62d2acd8\" data-element_type=\"widget\" data-widget_type=\"text-editor.default\">\n\t\t\t\t<div class=\"elementor-widget-container\">\n\t\t\t\t\t\t\t\t\t<p><span style=\"font-style: inherit; font-weight: inherit;\">Ser\u00e1s redireccionado en:<\/span><\/p>\t\t\t\t\t\t\t\t<\/div>\n\t\t\t\t<\/div>\n\t\t\t\t<div class=\"elementor-element elementor-element-7be631d0 elementor-countdown--label-block elementor-widget elementor-widget-countdown\" data-id=\"7be631d0\" data-element_type=\"widget\" data-widget_type=\"countdown.default\">\n\t\t\t\t<div class=\"elementor-widget-container\">\n\t\t\t\t\t\t\t<div data-evergreen-interval=\"24\" data-expire-actions=\"[{&quot;type&quot;:&quot;redirect&quot;,&quot;redirect_url&quot;:&quot;https:\\\/\\\/chat.whatsapp.com\\\/CrPc85yVREf6CkM1eFPqiP&quot;}]\" class=\"elementor-countdown-wrapper\" data-date=\"\">\n\t\t\t<div class=\"elementor-countdown-item\"><span class=\"elementor-countdown-digits elementor-countdown-seconds\"><\/span> <span class=\"elementor-countdown-label\">Segundos<\/span><\/div>\t\t<\/div>\n\t\t\t\t\t\t<\/div>\n\t\t\t\t<\/div>\n\t\t\t\t\t<\/div>\n\t\t<\/div>\n\t\t\t\t\t<\/div>\n\t\t<\/section>\n\t\t\t\t<section class=\"elementor-section elementor-top-section elementor-element elementor-element-4ba34259 elementor-section-boxed elementor-section-height-default elementor-section-height-default\" data-id=\"4ba34259\" data-element_type=\"section\" data-settings=\"{&quot;background_background&quot;:&quot;classic&quot;}\">\n\t\t\t\t\t\t<div class=\"elementor-container elementor-column-gap-default\">\n\t\t\t\t\t<div class=\"elementor-column elementor-col-100 elementor-top-column elementor-element elementor-element-6d10ba6e\" data-id=\"6d10ba6e\" data-element_type=\"column\">\n\t\t\t<div class=\"elementor-widget-wrap elementor-element-populated\">\n\t\t\t\t\t\t<div class=\"elementor-element elementor-element-5d6d28aa elementor-widget-divider--view-line elementor-widget elementor-widget-divider\" data-id=\"5d6d28aa\" data-element_type=\"widget\" data-widget_type=\"divider.default\">\n\t\t\t\t<div class=\"elementor-widget-container\">\n\t\t\t\t\t\t\t<div class=\"elementor-divider\">\n\t\t\t<span class=\"elementor-divider-separator\">\n\t\t\t\t\t\t<\/span>\n\t\t<\/div>\n\t\t\t\t\t\t<\/div>\n\t\t\t\t<\/div>\n\t\t\t\t<div class=\"elementor-element elementor-element-64b2244c elementor-widget elementor-widget-text-editor\" data-id=\"64b2244c\" data-element_type=\"widget\" data-widget_type=\"text-editor.default\">\n\t\t\t\t<div class=\"elementor-widget-container\">\n\t\t\t\t\t\t\t\t\t<p>\u00a0\u00a9 2023 Sergio Teig Copyright l <span style=\"color: #ffffff;\"><a style=\"color: #ffffff;\" href=\"https:\/\/gtmirasierra.com\/index.php\/aviso-legal\/\">Aviso legal<\/a><\/span> l <span style=\"color: #ffffff;\"><a style=\"color: #ffffff;\" href=\"https:\/\/gtmirasierra.com\/index.php\/politica-de-privacidad\/\">Pol\u00edticas de Privacidad<\/a> <\/span>l Pol\u00edtica de Cookies l T\u00e9rminos y condiciones<\/p>\t\t\t\t\t\t\t\t<\/div>\n\t\t\t\t<\/div>\n\t\t\t\t\t<\/div>\n\t\t<\/div>\n\t\t\t\t\t<\/div>\n\t\t<\/section>\n\t\t\t\t<\/div>\n\t\t","protected":false},"excerpt":{"rendered":"<p>\u00a1Enhorabuena por trabajar en una vida mejor para ti y tu perrito! \u00danete al grupo de WhatsApp para que puedas recibir toda la informaci\u00f3n importante. arrow-icon-size3 Unirme al grupo de whatsapp Ser\u00e1s redireccionado en: Segundos \u00a0\u00a9 2023 Sergio Teig Copyright l Aviso legal l Pol\u00edticas de Privacidad l Pol\u00edtica de Cookies l T\u00e9rminos y condiciones<\/p>\n","protected":false},"author":1,"featured_media":0,"parent":0,"menu_order":0,"comment_status":"closed","ping_status":"closed","template":"elementor_canvas","meta":{"footnotes":""},"class_list":["post-31","page","type-page","status-publish","hentry"],"_links":{"self":[{"href":"https:\/\/gtmirasierra.com\/index.php\/wp-json\/wp\/v2\/pages\/31","targetHints":{"allow":["GET"]}}],"collection":[{"href":"https:\/\/gtmirasierra.com\/index.php\/wp-json\/wp\/v2\/pages"}],"about":[{"href":"https:\/\/gtmirasierra.com\/index.php\/wp-json\/wp\/v2\/types\/page"}],"author":[{"embeddable":true,"href":"https:\/\/gtmirasierra.com\/index.php\/wp-json\/wp\/v2\/users\/1"}],"replies":[{"embeddable":true,"href":"https:\/\/gtmirasierra.com\/index.php\/wp-json\/wp\/v2\/comments?post=31"}],"version-history":[{"count":58,"href":"https:\/\/gtmirasierra.com\/index.php\/wp-json\/wp\/v2\/pages\/31\/revisions"}],"predecessor-version":[{"id":515,"href":"https:\/\/gtmirasierra.com\/index.php\/wp-json\/wp\/v2\/pages\/31\/revisions\/515"}],"wp:attachment":[{"href":"https:\/\/gtmirasierra.com\/index.php\/wp-json\/wp\/v2\/media?parent=31"}],"curies":[{"name":"wp","href":"https:\/\/api.w.org\/{rel}","templated":true}]}}