{"id":23,"date":"2024-05-22T21:15:53","date_gmt":"2024-05-22T21:15:53","guid":{"rendered":"https:\/\/gtmirasierra.com\/?page_id=23"},"modified":"2024-12-15T18:35:33","modified_gmt":"2024-12-15T18:35:33","slug":"elementor-23","status":"publish","type":"page","link":"https:\/\/gtmirasierra.com\/","title":{"rendered":"Taller correa"},"content":{"rendered":"\t\t<div data-elementor-type=\"wp-page\" data-elementor-id=\"23\" class=\"elementor elementor-23\" data-elementor-post-type=\"page\">\n\t\t\t\t\t\t<section class=\"elementor-section elementor-top-section elementor-element elementor-element-4a399ec elementor-section-boxed elementor-section-height-default elementor-section-height-default\" data-id=\"4a399ec\" data-element_type=\"section\" data-settings=\"{&quot;background_background&quot;:&quot;classic&quot;}\">\n\t\t\t\t\t\t<div class=\"elementor-container elementor-column-gap-default\">\n\t\t\t\t\t<div class=\"elementor-column elementor-col-100 elementor-top-column elementor-element elementor-element-274cafff\" data-id=\"274cafff\" data-element_type=\"column\">\n\t\t\t<div class=\"elementor-widget-wrap elementor-element-populated\">\n\t\t\t\t\t\t<div class=\"elementor-element elementor-element-6ebea86f elementor-widget elementor-widget-heading\" data-id=\"6ebea86f\" data-element_type=\"widget\" data-widget_type=\"heading.default\">\n\t\t\t\t<div class=\"elementor-widget-container\">\n\t\t\t\t\t<h2 class=\"elementor-heading-title elementor-size-default\">APRENDE A PASEAR A TU PERRO SIN TIRONES NI ENFADOS Y DISFRUTA DE LOS PASEOS EN FAMILIA<\/h2>\t\t\t\t<\/div>\n\t\t\t\t<\/div>\n\t\t\t\t<div class=\"elementor-element elementor-element-3eecde5b elementor-widget elementor-widget-text-editor\" data-id=\"3eecde5b\" data-element_type=\"widget\" data-widget_type=\"text-editor.default\">\n\t\t\t\t<div class=\"elementor-widget-container\">\n\t\t\t\t\t\t\t\t\t<p><span style=\"font-style: inherit;\"><b>Mi\u00e9rcoles 15 de enero de 2025 a las 20:30 <\/b><\/span><img decoding=\"async\" class=\"emoji\" role=\"img\" draggable=\"false\" src=\"https:\/\/s.w.org\/images\/core\/emoji\/15.0.3\/svg\/1f4c5.svg\" alt=\"\ud83d\udcc5\" \/><\/p><p><span style=\"font-style: inherit; font-weight: inherit;\">Dos semanas de duraci\u00f3n con acompa\u00f1amiento continuo.\u00a0<\/span><\/p><p><span style=\"font-style: inherit; font-weight: inherit;\">Este taller es 100% online.<\/span><\/p>\t\t\t\t\t\t\t\t<\/div>\n\t\t\t\t<\/div>\n\t\t\t\t<div class=\"elementor-element elementor-element-27340d59 elementor-widget-divider--view-line elementor-widget elementor-widget-divider\" data-id=\"27340d59\" data-element_type=\"widget\" data-widget_type=\"divider.default\">\n\t\t\t\t<div class=\"elementor-widget-container\">\n\t\t\t\t\t\t\t<div class=\"elementor-divider\">\n\t\t\t<span class=\"elementor-divider-separator\">\n\t\t\t\t\t\t<\/span>\n\t\t<\/div>\n\t\t\t\t\t\t<\/div>\n\t\t\t\t<\/div>\n\t\t\t\t<div class=\"elementor-element elementor-element-76e79a4 elementor-button-info elementor-align-center elementor-widget elementor-widget-button\" data-id=\"76e79a4\" data-element_type=\"widget\" data-widget_type=\"button.default\">\n\t\t\t\t<div class=\"elementor-widget-container\">\n\t\t\t\t\t\t\t\t\t<div class=\"elementor-button-wrapper\">\n\t\t\t\t\t<a class=\"elementor-button elementor-button-link elementor-size-sm\" href=\"https:\/\/wa.me\/697447730\" target=\"_blank\">\n\t\t\t\t\t\t<span class=\"elementor-button-content-wrapper\">\n\t\t\t\t\t\t\t\t\t<span class=\"elementor-button-text\">LLAMAR SIN COMPROMISO<\/span>\n\t\t\t\t\t<\/span>\n\t\t\t\t\t<\/a>\n\t\t\t\t<\/div>\n\t\t\t\t\t\t\t\t<\/div>\n\t\t\t\t<\/div>\n\t\t\t\t<div class=\"elementor-element elementor-element-9721f2e elementor-widget-divider--view-line elementor-widget elementor-widget-divider\" data-id=\"9721f2e\" data-element_type=\"widget\" data-widget_type=\"divider.default\">\n\t\t\t\t<div class=\"elementor-widget-container\">\n\t\t\t\t\t\t\t<div class=\"elementor-divider\">\n\t\t\t<span class=\"elementor-divider-separator\">\n\t\t\t\t\t\t<\/span>\n\t\t<\/div>\n\t\t\t\t\t\t<\/div>\n\t\t\t\t<\/div>\n\t\t\t\t\t<\/div>\n\t\t<\/div>\n\t\t\t\t\t<\/div>\n\t\t<\/section>\n\t\t\t\t<section class=\"elementor-section elementor-top-section elementor-element elementor-element-261aed6b elementor-section-boxed elementor-section-height-default elementor-section-height-default\" data-id=\"261aed6b\" data-element_type=\"section\" data-settings=\"{&quot;background_background&quot;:&quot;classic&quot;}\">\n\t\t\t\t\t\t<div class=\"elementor-container elementor-column-gap-default\">\n\t\t\t\t\t<div class=\"elementor-column elementor-col-100 elementor-top-column elementor-element elementor-element-63b5438d\" data-id=\"63b5438d\" data-element_type=\"column\">\n\t\t\t<div class=\"elementor-widget-wrap elementor-element-populated\">\n\t\t\t\t\t\t<div class=\"elementor-element elementor-element-cac0459 elementor-widget elementor-widget-heading\" data-id=\"cac0459\" data-element_type=\"widget\" data-widget_type=\"heading.default\">\n\t\t\t\t<div class=\"elementor-widget-container\">\n\t\t\t\t\t<h2 class=\"elementor-heading-title elementor-size-default\">\u00bfQu\u00e9 aprender\u00e1s en este taller 100% online?<\/h2>\t\t\t\t<\/div>\n\t\t\t\t<\/div>\n\t\t\t\t<div class=\"elementor-element elementor-element-6081300b elementor-widget elementor-widget-text-editor\" data-id=\"6081300b\" data-element_type=\"widget\" data-widget_type=\"text-editor.default\">\n\t\t\t\t<div class=\"elementor-widget-container\">\n\t\t\t\t\t\t\t\t\t<p>1# &#8211; Localiza los <b>errores que cometes<\/b> y que no te permiten disfrutar de un paseo sin tirones.<b>\u00a0<\/b>\u00a0<\/p><p>2# &#8211; Aprende a <b>manejar la correa<\/b>\u00a0para eliminar los tirones y pasear con tu perro sin problema.\u00a0<\/p><p><span style=\"font-family: var( --e-global-typography-text-font-family ), Sans-serif; font-weight: var( --e-global-typography-text-font-weight ); font-size: var(--wp--preset--font-size--medium);\">3# &#8211; Emplea el <\/span><span style=\"font-family: var( --e-global-typography-text-font-family ), Sans-serif; font-size: var(--wp--preset--font-size--medium);\"><b>m\u00e9todo E-duc@n<\/b>\u00a0para <b>disfrutar de los paseos en familia<\/b>\u00a0con tu perro. \u00a1Hasta tu hijo podr\u00e1 pasearlo!<\/span><\/p>\t\t\t\t\t\t\t\t<\/div>\n\t\t\t\t<\/div>\n\t\t\t\t<div class=\"elementor-element elementor-element-6bf3d0b elementor-widget-divider--view-line elementor-widget elementor-widget-divider\" data-id=\"6bf3d0b\" data-element_type=\"widget\" data-widget_type=\"divider.default\">\n\t\t\t\t<div class=\"elementor-widget-container\">\n\t\t\t\t\t\t\t<div class=\"elementor-divider\">\n\t\t\t<span class=\"elementor-divider-separator\">\n\t\t\t\t\t\t<\/span>\n\t\t<\/div>\n\t\t\t\t\t\t<\/div>\n\t\t\t\t<\/div>\n\t\t\t\t<div class=\"elementor-element elementor-element-1046d09 elementor-button-info elementor-align-center elementor-widget elementor-widget-button\" data-id=\"1046d09\" data-element_type=\"widget\" data-widget_type=\"button.default\">\n\t\t\t\t<div class=\"elementor-widget-container\">\n\t\t\t\t\t\t\t\t\t<div class=\"elementor-button-wrapper\">\n\t\t\t\t\t<a class=\"elementor-button elementor-button-link elementor-size-sm\" href=\"https:\/\/wa.me\/697447730\" target=\"_blank\">\n\t\t\t\t\t\t<span class=\"elementor-button-content-wrapper\">\n\t\t\t\t\t\t\t\t\t<span class=\"elementor-button-text\">LLAMAR SIN COMPROMISO<\/span>\n\t\t\t\t\t<\/span>\n\t\t\t\t\t<\/a>\n\t\t\t\t<\/div>\n\t\t\t\t\t\t\t\t<\/div>\n\t\t\t\t<\/div>\n\t\t\t\t<div class=\"elementor-element elementor-element-c292c20 elementor-widget-divider--view-line elementor-widget elementor-widget-divider\" data-id=\"c292c20\" data-element_type=\"widget\" data-widget_type=\"divider.default\">\n\t\t\t\t<div class=\"elementor-widget-container\">\n\t\t\t\t\t\t\t<div class=\"elementor-divider\">\n\t\t\t<span class=\"elementor-divider-separator\">\n\t\t\t\t\t\t<\/span>\n\t\t<\/div>\n\t\t\t\t\t\t<\/div>\n\t\t\t\t<\/div>\n\t\t\t\t\t<\/div>\n\t\t<\/div>\n\t\t\t\t\t<\/div>\n\t\t<\/section>\n\t\t\t\t<section class=\"elementor-section elementor-top-section elementor-element elementor-element-153e711b elementor-section-boxed elementor-section-height-default elementor-section-height-default\" data-id=\"153e711b\" data-element_type=\"section\" data-settings=\"{&quot;background_background&quot;:&quot;classic&quot;,&quot;shape_divider_top&quot;:&quot;arrow&quot;}\">\n\t\t\t\t\t<div class=\"elementor-shape elementor-shape-top\" aria-hidden=\"true\" data-negative=\"false\">\n\t\t\t<svg xmlns=\"http:\/\/www.w3.org\/2000\/svg\" viewBox=\"0 0 700 10\" preserveAspectRatio=\"none\">\n\t<path class=\"elementor-shape-fill\" d=\"M350,10L340,0h20L350,10z\"\/>\n<\/svg>\t\t<\/div>\n\t\t\t\t\t<div class=\"elementor-container elementor-column-gap-default\">\n\t\t\t\t\t<div class=\"elementor-column elementor-col-100 elementor-top-column elementor-element elementor-element-499b8216\" data-id=\"499b8216\" data-element_type=\"column\">\n\t\t\t<div class=\"elementor-widget-wrap elementor-element-populated\">\n\t\t\t\t\t\t<div class=\"elementor-element elementor-element-16d1b694 elementor-widget elementor-widget-heading\" data-id=\"16d1b694\" data-element_type=\"widget\" data-widget_type=\"heading.default\">\n\t\t\t\t<div class=\"elementor-widget-container\">\n\t\t\t\t\t<h2 class=\"elementor-heading-title elementor-size-default\">\u00bfC\u00f3mo se realiza el taller?<\/h2>\t\t\t\t<\/div>\n\t\t\t\t<\/div>\n\t\t\t\t<div class=\"elementor-element elementor-element-a6ba078 elementor-widget elementor-widget-text-editor\" data-id=\"a6ba078\" data-element_type=\"widget\" data-widget_type=\"text-editor.default\">\n\t\t\t\t<div class=\"elementor-widget-container\">\n\t\t\t\t\t\t\t\t\t<div style=\"text-align: center;\">\u00a0<\/div><ul><li>Acude al<b> taller en directo<\/b> del <b>mi\u00e9rcoles 15 de enero de 2025 a las 20:30<\/b> para aprender de una vez c\u00f3mo <b>eliminar los tirones en los paseos<\/b>. Si no puedes acudir, no te preocupes, \u00a1t<b>odo quedar\u00e1 grabado<\/b>!<\/li><\/ul><ul><li>Tendr\u00e1s acceso a una serie de<strong> v\u00eddeos de formaci\u00f3n<\/strong> donde aprender\u00e1s todo lo necesario para manejar la correa adecuadamente.\u00a0<\/li><\/ul><ul><li>Realiza tus dudas por el grupo de <b>whatsapp disponible 24 \/7<\/b> donde responderemos en menos de 24 h.<\/li><\/ul><ul><li><b>Practica <\/b>lo aprendido para comenzar a <b>disfrutar de los paseos<\/b>.\u00a0<\/li><\/ul><ul><li>\u00a1Tambi\u00e9n tendr\u00e1s deberes! Tendr\u00e1s que <b>mandar v\u00eddeos<\/b> paseando con tu perro<b> entre el<\/b> <strong>16<\/strong><b> y el 23 de enero<\/b>. Recibir\u00e1s<b> correcciones individuales<\/b> para garantizar tu \u00e9xito.\u00a0<\/li><\/ul><ul><li>Acude a la <b>tutor\u00eda final <\/b>con visualizaci\u00f3n de v\u00eddeos y resoluci\u00f3n de dudas en directo el <b>lunes 27 de enero de 2025 a las 20:30<\/b>. Si no puedes acudir, no pasa nada, \u00a1<b>quedar\u00e1 grabado<\/b>!\u00a0<\/li><\/ul><ul><li>Realiza tus dudas en <b>whatsapp <\/b>hasta el <b>29 de enero de 2025<\/b>.\u00a0<\/li><\/ul><ul><li>\u00a1Tendr\u00e1s <b>acceso a todo el contenido hasta el 27 de febrero de 2025<\/b>!\u00a0<\/li><\/ul><div>\u00a0<\/div>\t\t\t\t\t\t\t\t<\/div>\n\t\t\t\t<\/div>\n\t\t\t\t\t<\/div>\n\t\t<\/div>\n\t\t\t\t\t<\/div>\n\t\t<\/section>\n\t\t\t\t<section class=\"elementor-section elementor-top-section elementor-element elementor-element-6c6ffb96 elementor-section-boxed elementor-section-height-default elementor-section-height-default\" data-id=\"6c6ffb96\" data-element_type=\"section\" data-settings=\"{&quot;background_background&quot;:&quot;classic&quot;,&quot;shape_divider_top&quot;:&quot;opacity-tilt&quot;,&quot;shape_divider_bottom&quot;:&quot;opacity-tilt&quot;}\">\n\t\t\t\t\t\t\t<div class=\"elementor-background-overlay\"><\/div>\n\t\t\t\t\t\t<div class=\"elementor-shape elementor-shape-top\" aria-hidden=\"true\" data-negative=\"false\">\n\t\t\t<svg xmlns=\"http:\/\/www.w3.org\/2000\/svg\" viewBox=\"0 0 2600 131.1\" preserveAspectRatio=\"none\">\n\t<path class=\"elementor-shape-fill\" d=\"M0 0L2600 0 2600 69.1 0 0z\"\/>\n\t<path class=\"elementor-shape-fill\" style=\"opacity:0.5\" d=\"M0 0L2600 0 2600 69.1 0 69.1z\"\/>\n\t<path class=\"elementor-shape-fill\" style=\"opacity:0.25\" d=\"M2600 0L0 0 0 130.1 2600 69.1z\"\/>\n<\/svg>\t\t<\/div>\n\t\t\t\t<div class=\"elementor-shape elementor-shape-bottom\" aria-hidden=\"true\" data-negative=\"false\">\n\t\t\t<svg xmlns=\"http:\/\/www.w3.org\/2000\/svg\" viewBox=\"0 0 2600 131.1\" preserveAspectRatio=\"none\">\n\t<path class=\"elementor-shape-fill\" d=\"M0 0L2600 0 2600 69.1 0 0z\"\/>\n\t<path class=\"elementor-shape-fill\" style=\"opacity:0.5\" d=\"M0 0L2600 0 2600 69.1 0 69.1z\"\/>\n\t<path class=\"elementor-shape-fill\" style=\"opacity:0.25\" d=\"M2600 0L0 0 0 130.1 2600 69.1z\"\/>\n<\/svg>\t\t<\/div>\n\t\t\t\t\t<div class=\"elementor-container elementor-column-gap-default\">\n\t\t\t\t\t<div class=\"elementor-column elementor-col-100 elementor-top-column elementor-element elementor-element-25c60722\" data-id=\"25c60722\" data-element_type=\"column\">\n\t\t\t<div class=\"elementor-widget-wrap elementor-element-populated\">\n\t\t\t\t\t\t<div class=\"elementor-element elementor-element-960e0a2 elementor-widget elementor-widget-heading\" data-id=\"960e0a2\" data-element_type=\"widget\" data-widget_type=\"heading.default\">\n\t\t\t\t<div class=\"elementor-widget-container\">\n\t\t\t\t\t<h2 class=\"elementor-heading-title elementor-size-default\">Y TODO ESTO POR 125 EUR<\/h2>\t\t\t\t<\/div>\n\t\t\t\t<\/div>\n\t\t\t\t<div class=\"elementor-element elementor-element-5b0405b elementor-widget-divider--view-line elementor-widget elementor-widget-divider\" data-id=\"5b0405b\" data-element_type=\"widget\" data-widget_type=\"divider.default\">\n\t\t\t\t<div class=\"elementor-widget-container\">\n\t\t\t\t\t\t\t<div class=\"elementor-divider\">\n\t\t\t<span class=\"elementor-divider-separator\">\n\t\t\t\t\t\t<\/span>\n\t\t<\/div>\n\t\t\t\t\t\t<\/div>\n\t\t\t\t<\/div>\n\t\t\t\t<div class=\"elementor-element elementor-element-7fb2b83 elementor-button-info elementor-align-center elementor-widget elementor-widget-button\" data-id=\"7fb2b83\" data-element_type=\"widget\" data-widget_type=\"button.default\">\n\t\t\t\t<div class=\"elementor-widget-container\">\n\t\t\t\t\t\t\t\t\t<div class=\"elementor-button-wrapper\">\n\t\t\t\t\t<a class=\"elementor-button elementor-button-link elementor-size-sm\" href=\"https:\/\/buy.stripe.com\/28o01gcx8aOs2dO5kk\" target=\"_blank\">\n\t\t\t\t\t\t<span class=\"elementor-button-content-wrapper\">\n\t\t\t\t\t\t\t\t\t<span class=\"elementor-button-text\">COMPRAR <\/span>\n\t\t\t\t\t<\/span>\n\t\t\t\t\t<\/a>\n\t\t\t\t<\/div>\n\t\t\t\t\t\t\t\t<\/div>\n\t\t\t\t<\/div>\n\t\t\t\t<div class=\"elementor-element elementor-element-ac16ca4 elementor-widget-divider--view-line elementor-widget elementor-widget-divider\" data-id=\"ac16ca4\" data-element_type=\"widget\" data-widget_type=\"divider.default\">\n\t\t\t\t<div class=\"elementor-widget-container\">\n\t\t\t\t\t\t\t<div class=\"elementor-divider\">\n\t\t\t<span class=\"elementor-divider-separator\">\n\t\t\t\t\t\t<\/span>\n\t\t<\/div>\n\t\t\t\t\t\t<\/div>\n\t\t\t\t<\/div>\n\t\t\t\t<div class=\"elementor-element elementor-element-7047a52 elementor-widget elementor-widget-heading\" data-id=\"7047a52\" data-element_type=\"widget\" data-widget_type=\"heading.default\">\n\t\t\t\t<div class=\"elementor-widget-container\">\n\t\t\t\t\t<h2 class=\"elementor-heading-title elementor-size-default\">\u00a1TAMBI\u00c9N REALIZAMOS VALES REGALO!<\/h2>\t\t\t\t<\/div>\n\t\t\t\t<\/div>\n\t\t\t\t<div class=\"elementor-element elementor-element-46ad4969 elementor-widget elementor-widget-heading\" data-id=\"46ad4969\" data-element_type=\"widget\" data-widget_type=\"heading.default\">\n\t\t\t\t<div class=\"elementor-widget-container\">\n\t\t\t\t\t<h2 class=\"elementor-heading-title elementor-size-default\">\u00bfQui\u00e9nes son Sergio y David?<\/h2>\t\t\t\t<\/div>\n\t\t\t\t<\/div>\n\t\t\t\t<section class=\"elementor-section elementor-inner-section elementor-element elementor-element-702b2d4a elementor-section-boxed elementor-section-height-default elementor-section-height-default\" data-id=\"702b2d4a\" data-element_type=\"section\">\n\t\t\t\t\t\t<div class=\"elementor-container elementor-column-gap-default\">\n\t\t\t\t\t<div class=\"elementor-column elementor-col-50 elementor-inner-column elementor-element elementor-element-1da0e454\" data-id=\"1da0e454\" data-element_type=\"column\">\n\t\t\t<div class=\"elementor-widget-wrap elementor-element-populated\">\n\t\t\t\t\t\t<div class=\"elementor-element elementor-element-1db267ed elementor-widget__width-initial elementor-widget elementor-widget-image\" data-id=\"1db267ed\" data-element_type=\"widget\" data-widget_type=\"image.default\">\n\t\t\t\t<div class=\"elementor-widget-container\">\n\t\t\t\t\t\t\t\t\t\t\t\t\t\t\t<img fetchpriority=\"high\" decoding=\"async\" width=\"300\" height=\"252\" src=\"https:\/\/gtmirasierra.com\/wp-content\/uploads\/2024\/06\/WhatsApp-Image-2024-06-09-at-12.47.12-300x252.jpeg\" class=\"attachment-medium size-medium wp-image-82\" alt=\"\" srcset=\"https:\/\/gtmirasierra.com\/wp-content\/uploads\/2024\/06\/WhatsApp-Image-2024-06-09-at-12.47.12-300x252.jpeg 300w, https:\/\/gtmirasierra.com\/wp-content\/uploads\/2024\/06\/WhatsApp-Image-2024-06-09-at-12.47.12-768x645.jpeg 768w, https:\/\/gtmirasierra.com\/wp-content\/uploads\/2024\/06\/WhatsApp-Image-2024-06-09-at-12.47.12.jpeg 776w\" sizes=\"(max-width: 300px) 100vw, 300px\" \/>\t\t\t\t\t\t\t\t\t\t\t\t\t\t\t<\/div>\n\t\t\t\t<\/div>\n\t\t\t\t\t<\/div>\n\t\t<\/div>\n\t\t\t\t<div class=\"elementor-column elementor-col-50 elementor-inner-column elementor-element elementor-element-2e7bafbe\" data-id=\"2e7bafbe\" data-element_type=\"column\">\n\t\t\t<div class=\"elementor-widget-wrap elementor-element-populated\">\n\t\t\t\t\t\t<div class=\"elementor-element elementor-element-520b7ec7 elementor-widget elementor-widget-text-editor\" data-id=\"520b7ec7\" data-element_type=\"widget\" data-widget_type=\"text-editor.default\">\n\t\t\t\t<div class=\"elementor-widget-container\">\n\t\t\t\t\t\t\t\t\t<p>Sergio y David somos dos monitores <strong>apasionados<\/strong> por la educaci\u00f3n y el adiestramiento canino con m\u00e1s de una d\u00e9cada de experiencia desde que comenzamos en 2010. A lo largo de este tiempo, hemos tenido el privilegio de <strong>ayudar a m\u00e1s de 2.000 perros<\/strong> en nuestras sedes ubicadas en Granada y M\u00e1laga, as\u00ed como a trav\u00e9s de nuestros servicios online.\u00a0<\/p><p>Estamos especializados en <strong>modificaci\u00f3n de conducta<\/strong> y <strong>adiestramiento deportivo<\/strong> (I.G.P.), siendo un grupo oficial del Real Ceppa, lo que respalda nuestro compromiso y profesionalismo en el \u00e1mbito del adiestramiento canino.\u00a0<\/p><p>Nuestra vasta experiencia en la educaci\u00f3n de<strong> perros reactivos<\/strong> nos permite ofrecer soluciones efectivas y personalizadas para que puedas disfrutar de un <strong>perro equilibrado, feliz y obediente<\/strong>. Estamos aqu\u00ed para ayudarte a alcanzar una relaci\u00f3n armoniosa con tu compa\u00f1ero canino.\u00a0<\/p>\t\t\t\t\t\t\t\t<\/div>\n\t\t\t\t<\/div>\n\t\t\t\t\t<\/div>\n\t\t<\/div>\n\t\t\t\t\t<\/div>\n\t\t<\/section>\n\t\t\t\t\t<\/div>\n\t\t<\/div>\n\t\t\t\t\t<\/div>\n\t\t<\/section>\n\t\t\t\t<section class=\"elementor-section elementor-top-section elementor-element elementor-element-20edc569 elementor-section-boxed elementor-section-height-default elementor-section-height-default\" data-id=\"20edc569\" data-element_type=\"section\" data-settings=\"{&quot;background_background&quot;:&quot;classic&quot;}\">\n\t\t\t\t\t\t<div class=\"elementor-container elementor-column-gap-default\">\n\t\t\t\t\t<div class=\"elementor-column elementor-col-100 elementor-top-column elementor-element elementor-element-50f2f05d\" data-id=\"50f2f05d\" data-element_type=\"column\">\n\t\t\t<div class=\"elementor-widget-wrap elementor-element-populated\">\n\t\t\t\t\t\t<div class=\"elementor-element elementor-element-36165ec2 elementor-widget-divider--view-line elementor-widget elementor-widget-divider\" data-id=\"36165ec2\" data-element_type=\"widget\" data-widget_type=\"divider.default\">\n\t\t\t\t<div class=\"elementor-widget-container\">\n\t\t\t\t\t\t\t<div class=\"elementor-divider\">\n\t\t\t<span class=\"elementor-divider-separator\">\n\t\t\t\t\t\t<\/span>\n\t\t<\/div>\n\t\t\t\t\t\t<\/div>\n\t\t\t\t<\/div>\n\t\t\t\t<div class=\"elementor-element elementor-element-30e470e elementor-button-info elementor-align-center elementor-widget elementor-widget-button\" data-id=\"30e470e\" data-element_type=\"widget\" data-widget_type=\"button.default\">\n\t\t\t\t<div class=\"elementor-widget-container\">\n\t\t\t\t\t\t\t\t\t<div class=\"elementor-button-wrapper\">\n\t\t\t\t\t<a class=\"elementor-button elementor-button-link elementor-size-sm\" href=\"https:\/\/wa.me\/697447730\" target=\"_blank\">\n\t\t\t\t\t\t<span class=\"elementor-button-content-wrapper\">\n\t\t\t\t\t\t\t\t\t<span class=\"elementor-button-text\">LLAMAR SIN COMPROMISO<\/span>\n\t\t\t\t\t<\/span>\n\t\t\t\t\t<\/a>\n\t\t\t\t<\/div>\n\t\t\t\t\t\t\t\t<\/div>\n\t\t\t\t<\/div>\n\t\t\t\t<div class=\"elementor-element elementor-element-5954c36 elementor-widget-divider--view-line elementor-widget elementor-widget-divider\" data-id=\"5954c36\" data-element_type=\"widget\" data-widget_type=\"divider.default\">\n\t\t\t\t<div class=\"elementor-widget-container\">\n\t\t\t\t\t\t\t<div class=\"elementor-divider\">\n\t\t\t<span class=\"elementor-divider-separator\">\n\t\t\t\t\t\t<\/span>\n\t\t<\/div>\n\t\t\t\t\t\t<\/div>\n\t\t\t\t<\/div>\n\t\t\t\t<div class=\"elementor-element elementor-element-3784089 elementor-widget elementor-widget-heading\" data-id=\"3784089\" data-element_type=\"widget\" data-widget_type=\"heading.default\">\n\t\t\t\t<div class=\"elementor-widget-container\">\n\t\t\t\t\t<h2 class=\"elementor-heading-title elementor-size-default\">\u00bfQuieres participar en el sorteo y ganar una plaza gratis?<\/h2>\t\t\t\t<\/div>\n\t\t\t\t<\/div>\n\t\t\t\t<div class=\"elementor-element elementor-element-e24deb4 elementor-widget elementor-widget-text-editor\" data-id=\"e24deb4\" data-element_type=\"widget\" data-widget_type=\"text-editor.default\">\n\t\t\t\t<div class=\"elementor-widget-container\">\n\t\t\t\t\t\t\t\t\t<div style=\"text-align: center;\">\u00a0Si quieres probar suerte s\u00f3lo tienes que ir a @sergioteig en Instagram y seguir todos los pasos.\u00a0<\/div><div style=\"text-align: center;\">\u00a1Mucha suerte!<\/div><div>\u00a0<\/div>\t\t\t\t\t\t\t\t<\/div>\n\t\t\t\t<\/div>\n\t\t\t\t<div class=\"elementor-element elementor-element-4bbda8d elementor-button-info elementor-align-center elementor-widget elementor-widget-button\" data-id=\"4bbda8d\" data-element_type=\"widget\" data-widget_type=\"button.default\">\n\t\t\t\t<div class=\"elementor-widget-container\">\n\t\t\t\t\t\t\t\t\t<div class=\"elementor-button-wrapper\">\n\t\t\t\t\t<a class=\"elementor-button elementor-button-link elementor-size-sm\" href=\"https:\/\/www.instagram.com\/sergioteig\/\" target=\"_blank\">\n\t\t\t\t\t\t<span class=\"elementor-button-content-wrapper\">\n\t\t\t\t\t\t\t\t\t<span class=\"elementor-button-text\">QUIERO UNA PLAZA GRATIS<\/span>\n\t\t\t\t\t<\/span>\n\t\t\t\t\t<\/a>\n\t\t\t\t<\/div>\n\t\t\t\t\t\t\t\t<\/div>\n\t\t\t\t<\/div>\n\t\t\t\t<div class=\"elementor-element elementor-element-9ac9038 elementor-widget elementor-widget-heading\" data-id=\"9ac9038\" data-element_type=\"widget\" data-widget_type=\"heading.default\">\n\t\t\t\t<div class=\"elementor-widget-container\">\n\t\t\t\t\t<h2 class=\"elementor-heading-title elementor-size-default\">Si tienes dudas, contacta con nosotros:<\/h2>\t\t\t\t<\/div>\n\t\t\t\t<\/div>\n\t\t\t\t<div class=\"elementor-element elementor-element-31d8621 elementor-button-info elementor-align-center elementor-widget elementor-widget-button\" data-id=\"31d8621\" data-element_type=\"widget\" data-widget_type=\"button.default\">\n\t\t\t\t<div class=\"elementor-widget-container\">\n\t\t\t\t\t\t\t\t\t<div class=\"elementor-button-wrapper\">\n\t\t\t\t\t<a class=\"elementor-button elementor-button-link elementor-size-sm\" href=\"https:\/\/wa.me\/697447730\" target=\"_blank\">\n\t\t\t\t\t\t<span class=\"elementor-button-content-wrapper\">\n\t\t\t\t\t\t\t\t\t<span class=\"elementor-button-text\">HACER MI PREGUNTA<\/span>\n\t\t\t\t\t<\/span>\n\t\t\t\t\t<\/a>\n\t\t\t\t<\/div>\n\t\t\t\t\t\t\t\t<\/div>\n\t\t\t\t<\/div>\n\t\t\t\t<div class=\"elementor-element elementor-element-5a0e7979 elementor-widget elementor-widget-text-editor\" data-id=\"5a0e7979\" data-element_type=\"widget\" data-widget_type=\"text-editor.default\">\n\t\t\t\t<div class=\"elementor-widget-container\">\n\t\t\t\t\t\t\t\t\t<p>Sergio Teig Copyright \u00a9 2023 Incubadora de Lanzamientos l<span style=\"color: #ffffff;\"> <a style=\"color: #ffffff;\" href=\"https:\/\/gtmirasierra.com\/index.php\/aviso-legal\/\">Aviso Legal<\/a><\/span> l <span style=\"color: #ffffff;\"><a style=\"color: #ffffff;\" href=\"https:\/\/gtmirasierra.com\/index.php\/politica-de-privacidad\/\">Pol\u00edticas de Privacidad<\/a> <\/span>l Pol\u00edtica de Cookies l T\u00e9rminos y condiciones<\/p>\t\t\t\t\t\t\t\t<\/div>\n\t\t\t\t<\/div>\n\t\t\t\t\t<\/div>\n\t\t<\/div>\n\t\t\t\t\t<\/div>\n\t\t<\/section>\n\t\t\t\t<\/div>\n\t\t","protected":false},"excerpt":{"rendered":"<p>APRENDE A PASEAR A TU PERRO SIN TIRONES NI ENFADOS Y DISFRUTA DE LOS PASEOS EN FAMILIA Mi\u00e9rcoles 15 de enero de 2025 a las 20:30 Dos semanas de duraci\u00f3n con acompa\u00f1amiento continuo.\u00a0 Este taller es 100% online. LLAMAR SIN COMPROMISO \u00bfQu\u00e9 aprender\u00e1s en este taller 100% online? 1# &#8211; Localiza los errores que cometes [&hellip;]<\/p>\n","protected":false},"author":1,"featured_media":0,"parent":0,"menu_order":0,"comment_status":"closed","ping_status":"closed","template":"elementor_canvas","meta":{"footnotes":""},"class_list":["post-23","page","type-page","status-publish","hentry"],"_links":{"self":[{"href":"https:\/\/gtmirasierra.com\/index.php\/wp-json\/wp\/v2\/pages\/23","targetHints":{"allow":["GET"]}}],"collection":[{"href":"https:\/\/gtmirasierra.com\/index.php\/wp-json\/wp\/v2\/pages"}],"about":[{"href":"https:\/\/gtmirasierra.com\/index.php\/wp-json\/wp\/v2\/types\/page"}],"author":[{"embeddable":true,"href":"https:\/\/gtmirasierra.com\/index.php\/wp-json\/wp\/v2\/users\/1"}],"replies":[{"embeddable":true,"href":"https:\/\/gtmirasierra.com\/index.php\/wp-json\/wp\/v2\/comments?post=23"}],"version-history":[{"count":102,"href":"https:\/\/gtmirasierra.com\/index.php\/wp-json\/wp\/v2\/pages\/23\/revisions"}],"predecessor-version":[{"id":421,"href":"https:\/\/gtmirasierra.com\/index.php\/wp-json\/wp\/v2\/pages\/23\/revisions\/421"}],"wp:attachment":[{"href":"https:\/\/gtmirasierra.com\/index.php\/wp-json\/wp\/v2\/media?parent=23"}],"curies":[{"name":"wp","href":"https:\/\/api.w.org\/{rel}","templated":true}]}}